{"id":269,"date":"2021-09-30T20:51:26","date_gmt":"2021-09-30T20:51:26","guid":{"rendered":"https:\/\/shcmarketing.de\/en\/?page_id=269"},"modified":"2021-09-30T20:51:26","modified_gmt":"2021-09-30T20:51:26","slug":"haftungsausschluss","status":"publish","type":"page","link":"https:\/\/shcmarketing.de\/en\/haftungsausschluss\/","title":{"rendered":"Haftungsausschluss"},"content":{"rendered":"<ol>\n<li><strong> Inhalt des Online-Angebotes<\/strong><br \/>\nSHC MARKETING \u00fcbernimmt keinerlei Gew\u00e4hr f\u00fcr die Richtigkeit, Vollst\u00e4ndigkeit, Aktualit\u00e4t oder Qualit\u00e4t der Informationen, die bereitgestellt wurden. Haftungsanspr\u00fcche gegen die SHC MARKETING, welche sich auf Sch\u00e4den materieller oder ideeller Art beziehen, die durch die Nutzung \/ durch Nichtnutzung der dargebotenen Informationen bzw. durch die Nutzung fehlerhafter und unvollst\u00e4ndiger Informationen verursacht wurden, sind grunds\u00e4tzlich ausgeschlossen, sofern kein nachweislich vors\u00e4tzliches oder grob fahrl\u00e4ssiges Verschulden vorliegt.<br \/>\nAngebote sind freibleibend und unverbindlich. Die SHC MARKETING beh\u00e4lt es sich ausdr\u00fccklich vor, Teile der Seiten oder das gesamte Angebot ohne Ank\u00fcndigung zu ver\u00e4ndern, zu erg\u00e4nzen, zu l\u00f6schen oder die Ver\u00f6ffentlichung zeitweise oder endg\u00fcltig einzustellen.<\/li>\n<li><strong> Urheber- Kennzeichenrecht<\/strong><br \/>\nDie SHC MARKETING ist bestrebt, in allen Ver\u00f6ffentlichungen die Urheberrechte der verwendeten Grafiken, Tondokumente \/ Videosequenzen und Texte zu beachten, von ihm selbst erstellte Grafiken, Tondokumente, Videosequenzen und Texte zu nutzen oder auf lizenzfreie Grafiken, Audiodokumente, Videosequenzen und Texte zur\u00fcckzugreifen.<br \/>\nAlle innerhalb des Internetangebotes genannten und ggf. durch Dritte gesch\u00fctzten Marken- und Warenzeichen unterliegen uneingeschr\u00e4nkt den Bestimmungen des jeweils g\u00fcltigen Kennzeichenrechts und den Besitzrechten der jeweiligen eingetragenen Eigent\u00fcmer. Allein aufgrund der blo\u00dfen Nennung ist nicht der Schluss zu ziehen, dass Markenzeichen nicht durch Rechte Dritter gesch\u00fctzt sind.<br \/>\nDas Copyright f\u00fcr ver\u00f6ffentlichte, vom Verfasse selbst erstellte Objekte bleibt allein beim Autor der Seiten. Eine Vervielf\u00e4ltigung oder Verwendung solcher Grafiken, Audiodokumente, Videosequenzen und Texte in anderen elektronischen oder gedruckten Ver\u00f6ffentlichungen ist ohne ausdr\u00fcckliche Zustimmung des Verfassers \/ Autors nicht erstattet und erlaubt.<\/p>\n<p><strong>3. Verweise und Links<\/strong><br \/>\nBei direkten \/ indirekten Verweisen auf fremde Internetseiten (Links), die au\u00dferhalb des Verantwortungsbereiches des Verfassers liegen, w\u00fcrde eine Haftungsverpflichtung ausschlie\u00dflich in dem Fall in Kraft treten, in dem die SHC MARKETING von den Inhalten Kenntnis hat und es ihm technisch m\u00f6glich und zumutbar w\u00e4re, die Nutzung im Falle rechtswidriger Inhalte zu verhindern.<br \/>\nDie SHC MARKETING erkl\u00e4rt hiermit ausdr\u00fccklich, dass zum Zeitpunkt der Linksetzung keine illegalen Inhalte auf den zu verlinkenden Seiten erkennbar waren. Auf die aktuelle und zuk\u00fcnftigen Inhalte oder die Urheberschaft der gelinkten\/verkn\u00fcpften Seiten hat die SHC MARKETING keinerlei Einfluss. Deshalb distanziert die SHC MARKETING sich hiermit ausdr\u00fccklich von allen Inhalten aller gelinkten \/ verkn\u00fcpften Seiten, die nach der Linksetzung ver\u00e4ndert wurden. Diese Feststellung gilt f\u00fcr alle innerhalb des eigenen Internetangebotes gesetzten Links und Verweise sowie f\u00fcr Fremdeintr\u00e4ge in vom Autor eingerichteten G\u00e4steb\u00fcchern, Foren und Mailinglisten. F\u00fcr fehlerhafte, illegale oder unvollst\u00e4ndige Inhalte und insbesondere f\u00fcr Sch\u00e4den, die aus der Nutzung oder Nichtnutzung solcherart dargebotener Informationen entstehen, haftet allein der Anbieter der Seite, auf welche verwiesen wurde, nicht derjenige, der \u00fcber Links auf die jeweilige Ver\u00f6ffentlichung lediglich verweist.<\/p>\n<p><strong>4. Datenschutz<\/strong><br \/>\nSofern innerhalb des Internetangebotes die M\u00f6glichkeit zur Eingabe pers\u00f6nlicher oder gesch\u00e4ftlicher Daten (Emailadressen, Namen, Anschriften) besteht, so erfolgt die Preisgabe dieser Daten seitens des Nutzers auf ausdr\u00fccklich freiwilliger Basis. Die Inanspruchnahme und Bezahlung aller angebotenen Dienste ist &#8211; soweit technisch m\u00f6glich und zumutbar &#8211; auch ohne Angabe solcher Daten bzw. unter Angabe anonymisierter Daten oder eines Pseudonyms gestattet.<br \/>\nAuf unserer Website sind zudem Programme (Plug-ins) des sozialen Netzwerks Facebook enthalten. Diese werden ausschlie\u00dflich von der Facebook Inc., 1601 S. California Ave, Palo Alto, CA 94304, USA (Facebook) betrieben. Die Plug-Ins sind im Rahmen unseres Internetauftritts durch das Facebook Logo oder den Zusatz &#8220;Gef\u00e4llt mir&#8221; kenntlich gemacht. Beim Besuch einer Website unseres Internetauftritts, die ein derartiges Plug-In beinhaltet, stellt ihr Browser eine direkte Verbindung mit den Servern von Facebook her, wodurch wiederum der Inhalt des Plug-Ins an Ihren Browser \u00fcbermittelt und von diesem in die dargestellte Website eingebunden wird. Hierdurch wird die Information, dass Sie unsere Website besucht haben, an Facebook weitergeleitet. Sofern Sie w\u00e4hrend des Besuchs unserer Website \u00fcber Ihr pers\u00f6nliches Benutzerkonto bei Facebook eingeloggt sind, kann Facebook den Websitebesuch diesem Konto zuordnen. Durch Interaktion mit Plug-Ins, z.B. durch anklicken des &#8220;Gef\u00e4llt mir&#8221;- Buttons oder hinterlassen eines Kommentars werden diese entsprechenden Informationen direkt an Facebook \u00fcbermittelt und dort gespeichert. Wenn Sie eine solche Daten\u00fcbermittlung unterbinden m\u00f6chten, m\u00fcssen Sie sich vor dem Besuch unseres Internetauftritts unter Ihrem Facebook-Account ausloggen.<br \/>\nZweck und Umfang der Datenerhebung durch Facebook sowie die dortige weitere Verarbeitung und Nutzung Ihrer Daten wie auch Ihre diesbez\u00fcglichen Rechte und Einstellungsm\u00f6glichkeiten zum Schutz Ihrer Privatssph\u00e4re entnehmen Sie bitte den Datenschutzhinweisen von Facebook (<a href=\"https:\/\/www.facebook.com\/privacy\/explanation\">http:\/\/de-de.facebook.com\/privacy\/explanation.php<\/a>).<br \/>\nBei Fragen zur Erhebung, Verarbeitung oder Nutzunng Ihrer personenbezogenen Daten sowie bei Ausk\u00fcnften, Berichtigung, Sperrung oder L\u00f6schung von Daten wenden Sie sich bitte an:<br \/>\nSHC MARKETING<\/li>\n<li><strong> Salvatorische Klausel &#8211; Rechtswirksamkeit dieses Haftungsausschlusses<\/strong><br \/>\nDieser Haftungsausschluss ist als Teil des Internetangebotes zu betrachten, von dem aus auf diese Seite verwiesen wurde. Sofern Teile oder einzelne Formulierungen dieses Textes der geltenden Rechtslage nicht, nicht mehr oder nicht vollst\u00e4ndig entsprechen sollten, bleiben die \u00fcbrigen Teile des Dokumentes in ihrem Inhalt und ihrer G\u00fcltigkeit davon unber\u00fchrt.<\/p>\n<p>Die Gesch\u00e4ftsleitung<br \/>\n<strong>SHC MARKETING<\/strong><\/p>\n<p>Georgenthal im September 2021<\/li>\n<\/ol>\n","protected":false},"excerpt":{"rendered":"<p>Inhalt des Online-Angebotes SHC MARKETING \u00fcbernimmt keinerlei Gew\u00e4hr f\u00fcr die Richtigkeit, Vollst\u00e4ndigkeit, Aktualit\u00e4t oder Qualit\u00e4t der Informationen, die bereitgestellt wurden. Haftungsanspr\u00fcche gegen die SHC MARKETING, welche sich auf Sch\u00e4den materieller oder ideeller Art beziehen, die durch die Nutzung \/ durch Nichtnutzung der dargebotenen Informationen bzw. durch die Nutzung fehlerhafter und unvollst\u00e4ndiger Informationen verursacht wurden, sind [&hellip;]<\/p>\n","protected":false},"author":2,"featured_media":0,"parent":0,"menu_order":0,"comment_status":"closed","ping_status":"closed","template":"page\/impressum.php","meta":{"footnotes":""},"class_list":["post-269","page","type-page","status-publish","hentry"],"_links":{"self":[{"href":"https:\/\/shcmarketing.de\/en\/wp-json\/wp\/v2\/pages\/269","targetHints":{"allow":["GET"]}}],"collection":[{"href":"https:\/\/shcmarketing.de\/en\/wp-json\/wp\/v2\/pages"}],"about":[{"href":"https:\/\/shcmarketing.de\/en\/wp-json\/wp\/v2\/types\/page"}],"author":[{"embeddable":true,"href":"https:\/\/shcmarketing.de\/en\/wp-json\/wp\/v2\/users\/2"}],"replies":[{"embeddable":true,"href":"https:\/\/shcmarketing.de\/en\/wp-json\/wp\/v2\/comments?post=269"}],"version-history":[{"count":1,"href":"https:\/\/shcmarketing.de\/en\/wp-json\/wp\/v2\/pages\/269\/revisions"}],"predecessor-version":[{"id":270,"href":"https:\/\/shcmarketing.de\/en\/wp-json\/wp\/v2\/pages\/269\/revisions\/270"}],"wp:attachment":[{"href":"https:\/\/shcmarketing.de\/en\/wp-json\/wp\/v2\/media?parent=269"}],"curies":[{"name":"wp","href":"https:\/\/api.w.org\/{rel}","templated":true}]}}